{"id":17,"date":"2024-04-02T21:22:28","date_gmt":"2024-04-02T19:22:28","guid":{"rendered":"https:\/\/nuguet-mobilier-concept.com\/?page_id=17"},"modified":"2024-12-16T17:43:29","modified_gmt":"2024-12-16T16:43:29","slug":"contact","status":"publish","type":"page","link":"https:\/\/nuguet-mobilier-concept.com\/index.php\/contact\/","title":{"rendered":"Contact"},"content":{"rendered":"\t\t<div data-elementor-type=\"wp-page\" data-elementor-id=\"17\" class=\"elementor elementor-17\">\n\t\t\t\t\t\t<section class=\"elementor-section elementor-top-section elementor-element elementor-element-18927532 elementor-section-stretched elementor-section-height-min-height elementor-section-content-middle elementor-section-boxed elementor-section-height-default elementor-section-items-middle\" data-id=\"18927532\" data-element_type=\"section\" data-settings=\"{&quot;background_background&quot;:&quot;classic&quot;,&quot;stretch_section&quot;:&quot;section-stretched&quot;}\">\n\t\t\t\t\t\t\t<div class=\"elementor-background-overlay\"><\/div>\n\t\t\t\t\t\t\t<div class=\"elementor-container elementor-column-gap-default\">\n\t\t\t\t\t<div class=\"elementor-column elementor-col-50 elementor-top-column elementor-element elementor-element-7e3f3868\" data-id=\"7e3f3868\" data-element_type=\"column\">\n\t\t\t<div class=\"elementor-widget-wrap elementor-element-populated\">\n\t\t\t\t\t\t<div class=\"elementor-element elementor-element-d9493df elementor-widget elementor-widget-heading\" data-id=\"d9493df\" data-element_type=\"widget\" data-widget_type=\"heading.default\">\n\t\t\t\t<div class=\"elementor-widget-container\">\n\t\t\t\t\t<h1 class=\"elementor-heading-title elementor-size-default\">Discutons de vos projets de mobilier sur-mesure.<\/h1>\t\t\t\t<\/div>\n\t\t\t\t<\/div>\n\t\t\t\t<div class=\"elementor-element elementor-element-97afe0b elementor-widget elementor-widget-text-editor\" data-id=\"97afe0b\" data-element_type=\"widget\" data-widget_type=\"text-editor.default\">\n\t\t\t\t<div class=\"elementor-widget-container\">\n\t\t\t\t\t\t\t\t\t<p>Vous souhaitez votre mobilier int\u00e9rieur unique, sur-mesure et personnalis\u00e9, dans un style \u00e9l\u00e9gant, alliant le bois massif et le m\u00e9tal ?\u00a0<\/p><p>N\u2019h\u00e9sitez pas \u00e0 me contacter ! Nous pourrons discuter ensemble de vos besoins, vos envies, des dimensions souhait\u00e9es, de l&rsquo;essence de bois et de la structure m\u00e9tallique qui vous plait, avec la teinte qui vous convient mais aussi et surtout le <em>design<\/em> dont vous r\u00eavez !\u00a0<\/p>\t\t\t\t\t\t\t\t<\/div>\n\t\t\t\t<\/div>\n\t\t\t\t<section class=\"elementor-section elementor-inner-section elementor-element elementor-element-5aa7edd3 elementor-section-full_width elementor-section-height-default elementor-section-height-default\" data-id=\"5aa7edd3\" data-element_type=\"section\">\n\t\t\t\t\t\t<div class=\"elementor-container elementor-column-gap-no\">\n\t\t\t\t\t<div class=\"elementor-column elementor-col-50 elementor-inner-column elementor-element elementor-element-3ff0948b\" data-id=\"3ff0948b\" data-element_type=\"column\">\n\t\t\t<div class=\"elementor-widget-wrap elementor-element-populated\">\n\t\t\t\t\t\t<div class=\"elementor-element elementor-element-5380c550 elementor-widget elementor-widget-heading\" data-id=\"5380c550\" data-element_type=\"widget\" data-widget_type=\"heading.default\">\n\t\t\t\t<div class=\"elementor-widget-container\">\n\t\t\t\t\t<h4 class=\"elementor-heading-title elementor-size-default\">COORDONN\u00c9ES<\/h4>\t\t\t\t<\/div>\n\t\t\t\t<\/div>\n\t\t\t\t<div class=\"elementor-element elementor-element-2ae4b826 elementor-widget elementor-widget-heading\" data-id=\"2ae4b826\" data-element_type=\"widget\" data-widget_type=\"heading.default\">\n\t\t\t\t<div class=\"elementor-widget-container\">\n\t\t\t\t\t<p class=\"elementor-heading-title elementor-size-default\">+33 (0)6.32.36.85.08<\/p>\t\t\t\t<\/div>\n\t\t\t\t<\/div>\n\t\t\t\t<div class=\"elementor-element elementor-element-4196313 elementor-widget elementor-widget-heading\" data-id=\"4196313\" data-element_type=\"widget\" data-widget_type=\"heading.default\">\n\t\t\t\t<div class=\"elementor-widget-container\">\n\t\t\t\t\t<p class=\"elementor-heading-title elementor-size-default\">paul@nuguet-mobilier-concept.com<\/p>\t\t\t\t<\/div>\n\t\t\t\t<\/div>\n\t\t\t\t<div class=\"elementor-element elementor-element-f0001ba elementor-widget elementor-widget-heading\" data-id=\"f0001ba\" data-element_type=\"widget\" data-widget_type=\"heading.default\">\n\t\t\t\t<div class=\"elementor-widget-container\">\n\t\t\t\t\t<p class=\"elementor-heading-title elementor-size-default\">Granges Narboz, 25300<\/p>\t\t\t\t<\/div>\n\t\t\t\t<\/div>\n\t\t\t\t\t<\/div>\n\t\t<\/div>\n\t\t\t\t<div class=\"elementor-column elementor-col-50 elementor-inner-column elementor-element elementor-element-5eee116a\" data-id=\"5eee116a\" data-element_type=\"column\">\n\t\t\t<div class=\"elementor-widget-wrap elementor-element-populated\">\n\t\t\t\t\t\t<div class=\"elementor-element elementor-element-8a599da elementor-widget elementor-widget-heading\" data-id=\"8a599da\" data-element_type=\"widget\" data-widget_type=\"heading.default\">\n\t\t\t\t<div class=\"elementor-widget-container\">\n\t\t\t\t\t<h4 class=\"elementor-heading-title elementor-size-default\">R\u00e9seaux sociaux<\/h4>\t\t\t\t<\/div>\n\t\t\t\t<\/div>\n\t\t\t\t<div class=\"elementor-element elementor-element-1e8c2b91 elementor-shape-rounded elementor-grid-0 elementor-widget elementor-widget-social-icons\" data-id=\"1e8c2b91\" data-element_type=\"widget\" data-widget_type=\"social-icons.default\">\n\t\t\t\t<div class=\"elementor-widget-container\">\n\t\t\t\t\t\t\t<div class=\"elementor-social-icons-wrapper elementor-grid\" role=\"list\">\n\t\t\t\t\t\t\t<span class=\"elementor-grid-item\" role=\"listitem\">\n\t\t\t\t\t<a class=\"elementor-icon elementor-social-icon elementor-social-icon-linkedin elementor-animation-grow elementor-repeater-item-6fc64c9\" href=\"https:\/\/www.linkedin.com\/company\/nuguet-mobilier-concept\/\" target=\"_blank\">\n\t\t\t\t\t\t<span class=\"elementor-screen-only\">Linkedin<\/span>\n\t\t\t\t\t\t<svg class=\"e-font-icon-svg e-fab-linkedin\" viewBox=\"0 0 448 512\" xmlns=\"http:\/\/www.w3.org\/2000\/svg\"><path d=\"M416 32H31.9C14.3 32 0 46.5 0 64.3v383.4C0 465.5 14.3 480 31.9 480H416c17.6 0 32-14.5 32-32.3V64.3c0-17.8-14.4-32.3-32-32.3zM135.4 416H69V202.2h66.5V416zm-33.2-243c-21.3 0-38.5-17.3-38.5-38.5S80.9 96 102.2 96c21.2 0 38.5 17.3 38.5 38.5 0 21.3-17.2 38.5-38.5 38.5zm282.1 243h-66.4V312c0-24.8-.5-56.7-34.5-56.7-34.6 0-39.9 27-39.9 54.9V416h-66.4V202.2h63.7v29.2h.9c8.9-16.8 30.6-34.5 62.9-34.5 67.2 0 79.7 44.3 79.7 101.9V416z\"><\/path><\/svg>\t\t\t\t\t<\/a>\n\t\t\t\t<\/span>\n\t\t\t\t\t\t\t<span class=\"elementor-grid-item\" role=\"listitem\">\n\t\t\t\t\t<a class=\"elementor-icon elementor-social-icon elementor-social-icon-facebook-f elementor-animation-grow elementor-repeater-item-dda68f1\" href=\"https:\/\/www.facebook.com\/profile.php?id=61557883344142\" target=\"_blank\">\n\t\t\t\t\t\t<span class=\"elementor-screen-only\">Facebook-f<\/span>\n\t\t\t\t\t\t<svg class=\"e-font-icon-svg e-fab-facebook-f\" viewBox=\"0 0 320 512\" xmlns=\"http:\/\/www.w3.org\/2000\/svg\"><path d=\"M279.14 288l14.22-92.66h-88.91v-60.13c0-25.35 12.42-50.06 52.24-50.06h40.42V6.26S260.43 0 225.36 0c-73.22 0-121.08 44.38-121.08 124.72v70.62H22.89V288h81.39v224h100.17V288z\"><\/path><\/svg>\t\t\t\t\t<\/a>\n\t\t\t\t<\/span>\n\t\t\t\t\t\t\t<span class=\"elementor-grid-item\" role=\"listitem\">\n\t\t\t\t\t<a class=\"elementor-icon elementor-social-icon elementor-social-icon-instagram elementor-animation-grow elementor-repeater-item-777cb8b\" href=\"https:\/\/www.instagram.com\/nuguetmobilier_concept\/\" target=\"_blank\">\n\t\t\t\t\t\t<span class=\"elementor-screen-only\">Instagram<\/span>\n\t\t\t\t\t\t<svg class=\"e-font-icon-svg e-fab-instagram\" viewBox=\"0 0 448 512\" xmlns=\"http:\/\/www.w3.org\/2000\/svg\"><path d=\"M224.1 141c-63.6 0-114.9 51.3-114.9 114.9s51.3 114.9 114.9 114.9S339 319.5 339 255.9 287.7 141 224.1 141zm0 189.6c-41.1 0-74.7-33.5-74.7-74.7s33.5-74.7 74.7-74.7 74.7 33.5 74.7 74.7-33.6 74.7-74.7 74.7zm146.4-194.3c0 14.9-12 26.8-26.8 26.8-14.9 0-26.8-12-26.8-26.8s12-26.8 26.8-26.8 26.8 12 26.8 26.8zm76.1 27.2c-1.7-35.9-9.9-67.7-36.2-93.9-26.2-26.2-58-34.4-93.9-36.2-37-2.1-147.9-2.1-184.9 0-35.8 1.7-67.6 9.9-93.9 36.1s-34.4 58-36.2 93.9c-2.1 37-2.1 147.9 0 184.9 1.7 35.9 9.9 67.7 36.2 93.9s58 34.4 93.9 36.2c37 2.1 147.9 2.1 184.9 0 35.9-1.7 67.7-9.9 93.9-36.2 26.2-26.2 34.4-58 36.2-93.9 2.1-37 2.1-147.8 0-184.8zM398.8 388c-7.8 19.6-22.9 34.7-42.6 42.6-29.5 11.7-99.5 9-132.1 9s-102.7 2.6-132.1-9c-19.6-7.8-34.7-22.9-42.6-42.6-11.7-29.5-9-99.5-9-132.1s-2.6-102.7 9-132.1c7.8-19.6 22.9-34.7 42.6-42.6 29.5-11.7 99.5-9 132.1-9s102.7-2.6 132.1 9c19.6 7.8 34.7 22.9 42.6 42.6 11.7 29.5 9 99.5 9 132.1s2.7 102.7-9 132.1z\"><\/path><\/svg>\t\t\t\t\t<\/a>\n\t\t\t\t<\/span>\n\t\t\t\t\t<\/div>\n\t\t\t\t\t\t<\/div>\n\t\t\t\t<\/div>\n\t\t\t\t<div class=\"elementor-element elementor-element-19cbae3 elementor-widget elementor-widget-spacer\" data-id=\"19cbae3\" data-element_type=\"widget\" data-widget_type=\"spacer.default\">\n\t\t\t\t<div class=\"elementor-widget-container\">\n\t\t\t\t\t\t\t<div class=\"elementor-spacer\">\n\t\t\t<div class=\"elementor-spacer-inner\"><\/div>\n\t\t<\/div>\n\t\t\t\t\t\t<\/div>\n\t\t\t\t<\/div>\n\t\t\t\t\t<\/div>\n\t\t<\/div>\n\t\t\t\t\t<\/div>\n\t\t<\/section>\n\t\t\t\t\t<\/div>\n\t\t<\/div>\n\t\t\t\t<div class=\"elementor-column elementor-col-50 elementor-top-column elementor-element elementor-element-e7404fe\" data-id=\"e7404fe\" data-element_type=\"column\">\n\t\t\t<div class=\"elementor-widget-wrap elementor-element-populated\">\n\t\t\t\t\t\t<div class=\"elementor-element elementor-element-329a12c elementor-widget elementor-widget-wpforms\" data-id=\"329a12c\" data-element_type=\"widget\" data-widget_type=\"wpforms.default\">\n\t\t\t\t<div class=\"elementor-widget-container\">\n\t\t\t\t\t<style id=\"wpforms-css-vars-elementor-widget-329a12c\">\n\t\t\t\t.elementor-widget-wpforms.elementor-element-329a12c {\n\t\t\t\t--wpforms-field-background-color: #FFF4E8;\n--wpforms-field-text-color: #000000FC;\n--wpforms-label-color: #FFF4E8;\n--wpforms-label-sublabel-color: #FFFFFF;\n--wpforms-button-background-color: #002C23;\n--wpforms-button-text-color: #FFFFFF;\n\t\t\t}\n\t\t\t<\/style><div class=\"wpforms-container wpforms-container-full wpforms-render-modern\" id=\"wpforms-345\"><form id=\"wpforms-form-345\" class=\"wpforms-validate wpforms-form wpforms-ajax-form\" data-formid=\"345\" method=\"post\" enctype=\"multipart\/form-data\" action=\"\/index.php\/wp-json\/wp\/v2\/pages\/17\" data-token=\"14f3b446b997e6d237886184a3d85dfa\" data-token-time=\"1778069235\"><noscript class=\"wpforms-error-noscript\">Veuillez activer JavaScript dans votre navigateur pour remplir ce formulaire.<\/noscript><div id=\"wpforms-error-noscript\" style=\"display: none;\">Veuillez activer JavaScript dans votre navigateur pour remplir ce formulaire.<\/div><div class=\"wpforms-field-container\"><div id=\"wpforms-345-field_0-container\" class=\"wpforms-field wpforms-field-name\" data-field-id=\"0\"><label class=\"wpforms-field-label\" for=\"wpforms-345-field_0\">Nom <span class=\"wpforms-required-label\" aria-hidden=\"true\">*<\/span><\/label><input type=\"text\" id=\"wpforms-345-field_0\" class=\"wpforms-field-medium wpforms-field-required\" name=\"wpforms[fields][0]\" aria-errormessage=\"wpforms-345-field_0-error\" required><\/div><div id=\"wpforms-345-field_3-container\" class=\"wpforms-field wpforms-field-name\" data-field-id=\"3\"><label class=\"wpforms-field-label\" for=\"wpforms-345-field_3\">Pr\u00e9nom <span class=\"wpforms-required-label\" aria-hidden=\"true\">*<\/span><\/label><input type=\"text\" id=\"wpforms-345-field_3\" class=\"wpforms-field-medium wpforms-field-required\" name=\"wpforms[fields][3]\" aria-errormessage=\"wpforms-345-field_3-error\" required><\/div><div id=\"wpforms-345-field_1-container\" class=\"wpforms-field wpforms-field-email\" data-field-id=\"1\"><label class=\"wpforms-field-label\" for=\"wpforms-345-field_1\">E-mail <span class=\"wpforms-required-label\" aria-hidden=\"true\">*<\/span><\/label><input type=\"email\" id=\"wpforms-345-field_1\" class=\"wpforms-field-medium wpforms-field-required\" name=\"wpforms[fields][1]\" spellcheck=\"false\" aria-errormessage=\"wpforms-345-field_1-error\" required><\/div><div id=\"wpforms-345-field_2-container\" class=\"wpforms-field wpforms-field-textarea\" data-field-id=\"2\"><label class=\"wpforms-field-label\" for=\"wpforms-345-field_2\">Commentaire ou message<\/label><textarea id=\"wpforms-345-field_2\" class=\"wpforms-field-medium\" name=\"wpforms[fields][2]\" aria-errormessage=\"wpforms-345-field_2-error\" ><\/textarea><\/div><\/div><!-- .wpforms-field-container --><div class=\"wpforms-submit-container\" ><input type=\"hidden\" name=\"wpforms[id]\" value=\"345\"><input type=\"hidden\" name=\"page_title\" value=\"\"><input type=\"hidden\" name=\"page_url\" value=\"https:\/\/nuguet-mobilier-concept.com\/index.php\/wp-json\/wp\/v2\/pages\/17\"><input type=\"hidden\" name=\"url_referer\" value=\"\"><button type=\"submit\" name=\"wpforms[submit]\" id=\"wpforms-submit-345\" class=\"wpforms-submit\" data-alt-text=\"Envoi...\" data-submit-text=\"Envoyer\" aria-live=\"assertive\" value=\"wpforms-submit\">Envoyer<\/button><img decoding=\"async\" src=\"https:\/\/nuguet-mobilier-concept.com\/wp-content\/plugins\/wpforms-lite\/assets\/images\/submit-spin.svg\" class=\"wpforms-submit-spinner\" style=\"display: none;\" width=\"26\" height=\"26\" alt=\"Chargement en cours\"><\/div><\/form><\/div>  <!-- .wpforms-container -->\t\t\t\t<\/div>\n\t\t\t\t<\/div>\n\t\t\t\t\t<\/div>\n\t\t<\/div>\n\t\t\t\t\t<\/div>\n\t\t<\/section>\n\t\t\t\t<\/div>\n\t\t","protected":false},"excerpt":{"rendered":"<p>\u00c9changer sur vos projets de mobilier. Vous souhaitez votre mobilier int\u00e9rieur unique et sur-mesure, dans un style industriel, en bois massif et m\u00e9tal, n\u2019h\u00e9sitez pas \u00e0 me contacter ! COORDONN\u00c9ES +33 (0)6.32.36.85.08 paul@nuguet-mobilier-concept.com Granges Narboz, 25300 R\u00e9seaux sociaux Linkedin Facebook-f Instagram Veuillez activer JavaScript dans votre navigateur pour remplir ce formulaire.Veuillez activer JavaScript dans votre &hellip; <\/p>\n<p class=\"link-more\"><a href=\"https:\/\/nuguet-mobilier-concept.com\/index.php\/contact\/\" class=\"more-link\">Lire la suite de<span class=\"screen-reader-text\">\u00ab\u00a0Contact\u00a0\u00bb<\/span><\/a><\/p>\n","protected":false},"author":2,"featured_media":0,"parent":0,"menu_order":0,"comment_status":"closed","ping_status":"closed","template":"elementor_header_footer","meta":{"om_disable_all_campaigns":false,"_monsterinsights_skip_tracking":false,"_monsterinsights_sitenote_active":false,"_monsterinsights_sitenote_note":"","_monsterinsights_sitenote_category":0,"_uf_show_specific_survey":0,"_uf_disable_surveys":false,"inspiro_hide_title":false,"footnotes":""},"yoast_head":"<!-- This site is optimized with the Yoast SEO plugin v24.5 - https:\/\/yoast.com\/wordpress\/plugins\/seo\/ -->\n<title>Contact - Nuguet Mobilier Concept<\/title>\n<meta name=\"description\" content=\"Contactez-moi pour votre mobilier int\u00e9rieur unique, sur-mesure et personnalis\u00e9, dans un style \u00e9l\u00e9gant, alliant le bois massif et le m\u00e9tal.\" \/>\n<meta name=\"robots\" content=\"index, follow, max-snippet:-1, max-image-preview:large, max-video-preview:-1\" \/>\n<link rel=\"canonical\" href=\"https:\/\/nuguet-mobilier-concept.com\/index.php\/contact\/\" \/>\n<meta property=\"og:locale\" content=\"fr_FR\" \/>\n<meta property=\"og:type\" content=\"article\" \/>\n<meta property=\"og:title\" content=\"Contact - Nuguet Mobilier Concept\" \/>\n<meta property=\"og:description\" content=\"Contactez-moi pour votre mobilier int\u00e9rieur unique, sur-mesure et personnalis\u00e9, dans un style \u00e9l\u00e9gant, alliant le bois massif et le m\u00e9tal.\" \/>\n<meta property=\"og:url\" content=\"https:\/\/nuguet-mobilier-concept.com\/index.php\/contact\/\" \/>\n<meta property=\"og:site_name\" content=\"Nuguet Mobilier Concept\" \/>\n<meta property=\"article:publisher\" content=\"https:\/\/www.facebook.com\/profile.php?id=61557883344142&amp;locale=fr_FR\" \/>\n<meta property=\"article:modified_time\" content=\"2024-12-16T16:43:29+00:00\" \/>\n<meta property=\"og:image\" content=\"https:\/\/nuguet-mobilier-concept.com\/wp-content\/plugins\/wpforms-lite\/assets\/images\/submit-spin.svg\" \/>\n<meta name=\"twitter:card\" content=\"summary_large_image\" \/>\n<meta name=\"twitter:label1\" content=\"Dur\u00e9e de lecture estim\u00e9e\" \/>\n\t<meta name=\"twitter:data1\" content=\"1 minute\" \/>\n<script type=\"application\/ld+json\" class=\"yoast-schema-graph\">{\"@context\":\"https:\/\/schema.org\",\"@graph\":[{\"@type\":\"WebPage\",\"@id\":\"https:\/\/nuguet-mobilier-concept.com\/index.php\/contact\/\",\"url\":\"https:\/\/nuguet-mobilier-concept.com\/index.php\/contact\/\",\"name\":\"Contact - Nuguet Mobilier Concept\",\"isPartOf\":{\"@id\":\"https:\/\/nuguet-mobilier-concept.com\/#website\"},\"primaryImageOfPage\":{\"@id\":\"https:\/\/nuguet-mobilier-concept.com\/index.php\/contact\/#primaryimage\"},\"image\":{\"@id\":\"https:\/\/nuguet-mobilier-concept.com\/index.php\/contact\/#primaryimage\"},\"thumbnailUrl\":\"https:\/\/nuguet-mobilier-concept.com\/wp-content\/plugins\/wpforms-lite\/assets\/images\/submit-spin.svg\",\"datePublished\":\"2024-04-02T19:22:28+00:00\",\"dateModified\":\"2024-12-16T16:43:29+00:00\",\"description\":\"Contactez-moi pour votre mobilier int\u00e9rieur unique, sur-mesure et personnalis\u00e9, dans un style \u00e9l\u00e9gant, alliant le bois massif et le m\u00e9tal.\",\"breadcrumb\":{\"@id\":\"https:\/\/nuguet-mobilier-concept.com\/index.php\/contact\/#breadcrumb\"},\"inLanguage\":\"fr-FR\",\"potentialAction\":[{\"@type\":\"ReadAction\",\"target\":[\"https:\/\/nuguet-mobilier-concept.com\/index.php\/contact\/\"]}]},{\"@type\":\"ImageObject\",\"inLanguage\":\"fr-FR\",\"@id\":\"https:\/\/nuguet-mobilier-concept.com\/index.php\/contact\/#primaryimage\",\"url\":\"https:\/\/nuguet-mobilier-concept.com\/wp-content\/plugins\/wpforms-lite\/assets\/images\/submit-spin.svg\",\"contentUrl\":\"https:\/\/nuguet-mobilier-concept.com\/wp-content\/plugins\/wpforms-lite\/assets\/images\/submit-spin.svg\"},{\"@type\":\"BreadcrumbList\",\"@id\":\"https:\/\/nuguet-mobilier-concept.com\/index.php\/contact\/#breadcrumb\",\"itemListElement\":[{\"@type\":\"ListItem\",\"position\":1,\"name\":\"Accueil\",\"item\":\"https:\/\/nuguet-mobilier-concept.com\/\"},{\"@type\":\"ListItem\",\"position\":2,\"name\":\"Contact\"}]},{\"@type\":\"WebSite\",\"@id\":\"https:\/\/nuguet-mobilier-concept.com\/#website\",\"url\":\"https:\/\/nuguet-mobilier-concept.com\/\",\"name\":\"Nuguet Mobilier Concept\",\"description\":\"Artisan cr\u00e9ateur de mobilier int\u00e9rieur en m\u00e9tal et bois massif local\",\"publisher\":{\"@id\":\"https:\/\/nuguet-mobilier-concept.com\/#organization\"},\"potentialAction\":[{\"@type\":\"SearchAction\",\"target\":{\"@type\":\"EntryPoint\",\"urlTemplate\":\"https:\/\/nuguet-mobilier-concept.com\/?s={search_term_string}\"},\"query-input\":{\"@type\":\"PropertyValueSpecification\",\"valueRequired\":true,\"valueName\":\"search_term_string\"}}],\"inLanguage\":\"fr-FR\"},{\"@type\":\"Organization\",\"@id\":\"https:\/\/nuguet-mobilier-concept.com\/#organization\",\"name\":\"Nuguet Mobilier Concept\",\"alternateName\":\"NMC\",\"url\":\"https:\/\/nuguet-mobilier-concept.com\/\",\"logo\":{\"@type\":\"ImageObject\",\"inLanguage\":\"fr-FR\",\"@id\":\"https:\/\/nuguet-mobilier-concept.com\/#\/schema\/logo\/image\/\",\"url\":\"https:\/\/nuguet-mobilier-concept.com\/wp-content\/uploads\/2024\/04\/Logo-NMC-Vertical-Black.png\",\"contentUrl\":\"https:\/\/nuguet-mobilier-concept.com\/wp-content\/uploads\/2024\/04\/Logo-NMC-Vertical-Black.png\",\"width\":2008,\"height\":1754,\"caption\":\"Nuguet Mobilier Concept\"},\"image\":{\"@id\":\"https:\/\/nuguet-mobilier-concept.com\/#\/schema\/logo\/image\/\"},\"sameAs\":[\"https:\/\/www.facebook.com\/profile.php?id=61557883344142&locale=fr_FR\",\"https:\/\/www.instagram.com\/nuguetmobilier_concept\/\",\"https:\/\/www.linkedin.com\/company\/nuguet-mobilier-concept\/posts\/?feedView=all\"]}]}<\/script>\n<!-- \/ Yoast SEO plugin. -->","yoast_head_json":{"title":"Contact - Nuguet Mobilier Concept","description":"Contactez-moi pour votre mobilier int\u00e9rieur unique, sur-mesure et personnalis\u00e9, dans un style \u00e9l\u00e9gant, alliant le bois massif et le m\u00e9tal.","robots":{"index":"index","follow":"follow","max-snippet":"max-snippet:-1","max-image-preview":"max-image-preview:large","max-video-preview":"max-video-preview:-1"},"canonical":"https:\/\/nuguet-mobilier-concept.com\/index.php\/contact\/","og_locale":"fr_FR","og_type":"article","og_title":"Contact - Nuguet Mobilier Concept","og_description":"Contactez-moi pour votre mobilier int\u00e9rieur unique, sur-mesure et personnalis\u00e9, dans un style \u00e9l\u00e9gant, alliant le bois massif et le m\u00e9tal.","og_url":"https:\/\/nuguet-mobilier-concept.com\/index.php\/contact\/","og_site_name":"Nuguet Mobilier Concept","article_publisher":"https:\/\/www.facebook.com\/profile.php?id=61557883344142&locale=fr_FR","article_modified_time":"2024-12-16T16:43:29+00:00","og_image":[{"url":"https:\/\/nuguet-mobilier-concept.com\/wp-content\/plugins\/wpforms-lite\/assets\/images\/submit-spin.svg","type":"","width":"","height":""}],"twitter_card":"summary_large_image","twitter_misc":{"Dur\u00e9e de lecture estim\u00e9e":"1 minute"},"schema":{"@context":"https:\/\/schema.org","@graph":[{"@type":"WebPage","@id":"https:\/\/nuguet-mobilier-concept.com\/index.php\/contact\/","url":"https:\/\/nuguet-mobilier-concept.com\/index.php\/contact\/","name":"Contact - Nuguet Mobilier Concept","isPartOf":{"@id":"https:\/\/nuguet-mobilier-concept.com\/#website"},"primaryImageOfPage":{"@id":"https:\/\/nuguet-mobilier-concept.com\/index.php\/contact\/#primaryimage"},"image":{"@id":"https:\/\/nuguet-mobilier-concept.com\/index.php\/contact\/#primaryimage"},"thumbnailUrl":"https:\/\/nuguet-mobilier-concept.com\/wp-content\/plugins\/wpforms-lite\/assets\/images\/submit-spin.svg","datePublished":"2024-04-02T19:22:28+00:00","dateModified":"2024-12-16T16:43:29+00:00","description":"Contactez-moi pour votre mobilier int\u00e9rieur unique, sur-mesure et personnalis\u00e9, dans un style \u00e9l\u00e9gant, alliant le bois massif et le m\u00e9tal.","breadcrumb":{"@id":"https:\/\/nuguet-mobilier-concept.com\/index.php\/contact\/#breadcrumb"},"inLanguage":"fr-FR","potentialAction":[{"@type":"ReadAction","target":["https:\/\/nuguet-mobilier-concept.com\/index.php\/contact\/"]}]},{"@type":"ImageObject","inLanguage":"fr-FR","@id":"https:\/\/nuguet-mobilier-concept.com\/index.php\/contact\/#primaryimage","url":"https:\/\/nuguet-mobilier-concept.com\/wp-content\/plugins\/wpforms-lite\/assets\/images\/submit-spin.svg","contentUrl":"https:\/\/nuguet-mobilier-concept.com\/wp-content\/plugins\/wpforms-lite\/assets\/images\/submit-spin.svg"},{"@type":"BreadcrumbList","@id":"https:\/\/nuguet-mobilier-concept.com\/index.php\/contact\/#breadcrumb","itemListElement":[{"@type":"ListItem","position":1,"name":"Accueil","item":"https:\/\/nuguet-mobilier-concept.com\/"},{"@type":"ListItem","position":2,"name":"Contact"}]},{"@type":"WebSite","@id":"https:\/\/nuguet-mobilier-concept.com\/#website","url":"https:\/\/nuguet-mobilier-concept.com\/","name":"Nuguet Mobilier Concept","description":"Artisan cr\u00e9ateur de mobilier int\u00e9rieur en m\u00e9tal et bois massif local","publisher":{"@id":"https:\/\/nuguet-mobilier-concept.com\/#organization"},"potentialAction":[{"@type":"SearchAction","target":{"@type":"EntryPoint","urlTemplate":"https:\/\/nuguet-mobilier-concept.com\/?s={search_term_string}"},"query-input":{"@type":"PropertyValueSpecification","valueRequired":true,"valueName":"search_term_string"}}],"inLanguage":"fr-FR"},{"@type":"Organization","@id":"https:\/\/nuguet-mobilier-concept.com\/#organization","name":"Nuguet Mobilier Concept","alternateName":"NMC","url":"https:\/\/nuguet-mobilier-concept.com\/","logo":{"@type":"ImageObject","inLanguage":"fr-FR","@id":"https:\/\/nuguet-mobilier-concept.com\/#\/schema\/logo\/image\/","url":"https:\/\/nuguet-mobilier-concept.com\/wp-content\/uploads\/2024\/04\/Logo-NMC-Vertical-Black.png","contentUrl":"https:\/\/nuguet-mobilier-concept.com\/wp-content\/uploads\/2024\/04\/Logo-NMC-Vertical-Black.png","width":2008,"height":1754,"caption":"Nuguet Mobilier Concept"},"image":{"@id":"https:\/\/nuguet-mobilier-concept.com\/#\/schema\/logo\/image\/"},"sameAs":["https:\/\/www.facebook.com\/profile.php?id=61557883344142&locale=fr_FR","https:\/\/www.instagram.com\/nuguetmobilier_concept\/","https:\/\/www.linkedin.com\/company\/nuguet-mobilier-concept\/posts\/?feedView=all"]}]}},"_links":{"self":[{"href":"https:\/\/nuguet-mobilier-concept.com\/index.php\/wp-json\/wp\/v2\/pages\/17"}],"collection":[{"href":"https:\/\/nuguet-mobilier-concept.com\/index.php\/wp-json\/wp\/v2\/pages"}],"about":[{"href":"https:\/\/nuguet-mobilier-concept.com\/index.php\/wp-json\/wp\/v2\/types\/page"}],"author":[{"embeddable":true,"href":"https:\/\/nuguet-mobilier-concept.com\/index.php\/wp-json\/wp\/v2\/users\/2"}],"replies":[{"embeddable":true,"href":"https:\/\/nuguet-mobilier-concept.com\/index.php\/wp-json\/wp\/v2\/comments?post=17"}],"version-history":[{"count":65,"href":"https:\/\/nuguet-mobilier-concept.com\/index.php\/wp-json\/wp\/v2\/pages\/17\/revisions"}],"predecessor-version":[{"id":3239,"href":"https:\/\/nuguet-mobilier-concept.com\/index.php\/wp-json\/wp\/v2\/pages\/17\/revisions\/3239"}],"wp:attachment":[{"href":"https:\/\/nuguet-mobilier-concept.com\/index.php\/wp-json\/wp\/v2\/media?parent=17"}],"curies":[{"name":"wp","href":"https:\/\/api.w.org\/{rel}","templated":true}]}}